{"id":7202,"date":"2023-10-18T14:03:48","date_gmt":"2023-10-18T17:03:48","guid":{"rendered":"https:\/\/aciasb.com.br\/site\/?page_id=7202"},"modified":"2023-11-16T15:49:43","modified_gmt":"2023-11-16T18:49:43","slug":"gestao-atual","status":"publish","type":"page","link":"https:\/\/aciasb.com.br\/site\/gestao-atual\/","title":{"rendered":"Gest\u00e3o Atual"},"content":{"rendered":"<p class=\"font_8 wixui-rich-text__text\">Caros associados, estamos honrados por terem nos escolhido para represent\u00e1-los e nos comprometermos a trabalhar arduamente para garantir que voc\u00eas sejam atendidos da melhor maneira poss\u00edvel.<\/p>\n<p>&nbsp;<\/p>\n<p>EM DESENVOLVIMENTO&#8230;!<\/p>\n","protected":false},"excerpt":{"rendered":"<p>Caros associados, estamos honrados por terem nos escolhido para represent\u00e1-los e nos comprometermos a trabalhar arduamente para garantir que voc\u00eas sejam atendidos da melhor maneira poss\u00edvel. &nbsp; EM DESENVOLVIMENTO&#8230;!<\/p>\n","protected":false},"author":2,"featured_media":0,"parent":0,"menu_order":0,"comment_status":"closed","ping_status":"closed","template":"","meta":{"footnotes":""},"class_list":["post-7202","page","type-page","status-publish"],"_links":{"self":[{"href":"https:\/\/aciasb.com.br\/site\/wp-json\/wp\/v2\/pages\/7202","targetHints":{"allow":["GET"]}}],"collection":[{"href":"https:\/\/aciasb.com.br\/site\/wp-json\/wp\/v2\/pages"}],"about":[{"href":"https:\/\/aciasb.com.br\/site\/wp-json\/wp\/v2\/types\/page"}],"author":[{"embeddable":true,"href":"https:\/\/aciasb.com.br\/site\/wp-json\/wp\/v2\/users\/2"}],"replies":[{"embeddable":true,"href":"https:\/\/aciasb.com.br\/site\/wp-json\/wp\/v2\/comments?post=7202"}],"version-history":[{"count":5,"href":"https:\/\/aciasb.com.br\/site\/wp-json\/wp\/v2\/pages\/7202\/revisions"}],"predecessor-version":[{"id":7351,"href":"https:\/\/aciasb.com.br\/site\/wp-json\/wp\/v2\/pages\/7202\/revisions\/7351"}],"wp:attachment":[{"href":"https:\/\/aciasb.com.br\/site\/wp-json\/wp\/v2\/media?parent=7202"}],"curies":[{"name":"wp","href":"https:\/\/api.w.org\/{rel}","templated":true}]}}