{"id":7200,"date":"2023-10-18T14:03:17","date_gmt":"2023-10-18T17:03:17","guid":{"rendered":"https:\/\/aciasb.com.br\/site\/?page_id=7200"},"modified":"2023-11-16T16:13:43","modified_gmt":"2023-11-16T19:13:43","slug":"historia","status":"publish","type":"page","link":"https:\/\/aciasb.com.br\/site\/historia\/","title":{"rendered":"Hist\u00f3ria e Ex-Presidentes"},"content":{"rendered":"<p>A hist\u00f3ria da ACIASB \u00e9 marcada por importantes pessoas que com uni\u00e3o e dedica\u00e7\u00e3o ajudaram a construir a Entidade at\u00e9 aqui. Para lembrar essa trajet\u00f3ria grandiosa e em homenagem a todos os ex-presidentes da Associa\u00e7\u00e3o foi instalado um quadro permanente no audit\u00f3rio e aqui nessa p\u00e1gina do site para que todos os associados conhe\u00e7am a hist\u00f3ria dessa casa.<\/p>\n<p style=\"text-align: center;\"><strong>CONHE\u00c7A TODOS OS EX-PRESIDENTES<\/strong><\/p>\n<p>EM DESENVOLVIMENTO&#8230;!<\/p>\n","protected":false},"excerpt":{"rendered":"<p>A hist\u00f3ria da ACIASB \u00e9 marcada por importantes pessoas que com uni\u00e3o e dedica\u00e7\u00e3o ajudaram a construir a Entidade at\u00e9 aqui. Para lembrar essa trajet\u00f3ria grandiosa e em homenagem a todos os ex-presidentes da Associa\u00e7\u00e3o foi instalado um quadro permanente no audit\u00f3rio e aqui nessa p\u00e1gina do site para que todos os associados conhe\u00e7am a<\/p>\n","protected":false},"author":2,"featured_media":0,"parent":0,"menu_order":0,"comment_status":"closed","ping_status":"closed","template":"","meta":{"footnotes":""},"class_list":["post-7200","page","type-page","status-publish"],"_links":{"self":[{"href":"https:\/\/aciasb.com.br\/site\/wp-json\/wp\/v2\/pages\/7200","targetHints":{"allow":["GET"]}}],"collection":[{"href":"https:\/\/aciasb.com.br\/site\/wp-json\/wp\/v2\/pages"}],"about":[{"href":"https:\/\/aciasb.com.br\/site\/wp-json\/wp\/v2\/types\/page"}],"author":[{"embeddable":true,"href":"https:\/\/aciasb.com.br\/site\/wp-json\/wp\/v2\/users\/2"}],"replies":[{"embeddable":true,"href":"https:\/\/aciasb.com.br\/site\/wp-json\/wp\/v2\/comments?post=7200"}],"version-history":[{"count":6,"href":"https:\/\/aciasb.com.br\/site\/wp-json\/wp\/v2\/pages\/7200\/revisions"}],"predecessor-version":[{"id":7355,"href":"https:\/\/aciasb.com.br\/site\/wp-json\/wp\/v2\/pages\/7200\/revisions\/7355"}],"wp:attachment":[{"href":"https:\/\/aciasb.com.br\/site\/wp-json\/wp\/v2\/media?parent=7200"}],"curies":[{"name":"wp","href":"https:\/\/api.w.org\/{rel}","templated":true}]}}